{"id":126,"date":"2018-10-02T12:27:33","date_gmt":"2018-10-02T10:27:33","guid":{"rendered":"http:\/\/vfltkd.bplaced.net\/wordpress_vfltkd\/?page_id=126"},"modified":"2024-03-02T12:50:12","modified_gmt":"2024-03-02T11:50:12","slug":"trainingsangebote","status":"publish","type":"page","link":"http:\/\/vfltkd.bplaced.net\/wordpress_vfltkd\/trainingsangebote\/","title":{"rendered":"Trainingsangebote"},"content":{"rendered":"\n<p><strong>W\u00e4hrend den Schulferien findet kein Training statt.<br> <\/strong>Die aktuellen Trainingszeiten und Sportst\u00e4tten stehen <a class=\"has-vivid-cyan-blue-color\" href=\"https:\/\/www.vfl-sindelfingen.de\/abteilungen\/taekwondo\/\" data-type=\"URL\" data-id=\"https:\/\/www.vfl-sindelfingen.de\/abteilungen\/taekwondo\/\" target=\"_blank\" rel=\"noreferrer noopener\">hier<\/a>.<\/p>\n\n\n\n<h2 class=\"wp-block-heading\">Schnupperkurs<\/h2>\n\n\n\n<div class=\"wp-block-otfm-box-spoiler-start otfm-sp__wrapper otfm-sp__box js-otfm-sp-box__closed otfm-sp__f5f5f5\" role=\"button\" tabindex=\"0\" aria-expanded=\"false\" data-otfm-spc=\"#f5f5f5\" style=\"text-align:left\"><div class=\"otfm-sp__title\">mehr &#8230;<\/div><\/div>\n\n\n\n<p>Wir bieten Training zur Probe an.<br>F\u00fcr Kinder von 5 &#8211; 12 Jahren: Mittwoch ab 18:00 Uhr.<br>F\u00fcr Jugendliche\/Erwachsene ab 13 Jahren: Montag, Mittwoch, Donnerstag jeweils ab 20:00 Uhr.<br>Einfach vorbeikommen und gleich mittrainieren (das Wettkampftraining ist nur f\u00fcr Fortgeschrittene geeignet).<br>Einfaches Sportzeug ist ausreichend, barfu\u00df.<br>Der\/die jeweilige Trainer\/in gibt gerne weitere Ausk\u00fcnfte.<br>Es fallen keine Kosten an.<br> Das Anmeldeformular gibt es  <a class=\"has-vivid-cyan-blue-color\" href=\"https:\/\/vfl-sindelfingen.de\/wp-content\/uploads\/2021\/04\/1_Aufnahmeantrag_Stand-07-2018_beschreibbar.pdf\">hier<\/a>. Ausf\u00fcllen und dem Trainer vor\/nach dem Training mitgeben.<br><\/p>\n\n\n\n<div class=\"wp-block-otfm-box-spoiler-end otfm-sp_end\"><\/div>\n\n\n\n<h2 class=\"wp-block-heading\">Regul\u00e4re Trainingsangebote<br><\/h2>\n\n\n\n<div class=\"wp-block-otfm-box-spoiler-start otfm-sp__wrapper otfm-sp__box js-otfm-sp-box__closed otfm-sp__f5f5f5\" role=\"button\" tabindex=\"0\" aria-expanded=\"false\" data-otfm-spc=\"#f5f5f5\" style=\"text-align:left\"><div class=\"otfm-sp__title\"><strong>Bambinitraining<\/strong><\/div><\/div>\n\n\n\n<p>von 5 &#8211; 8 Jahre<br><\/p>\n\n\n\n<div class=\"wp-block-otfm-box-spoiler-end otfm-sp_end\"><\/div>\n\n\n\n<div class=\"wp-block-otfm-box-spoiler-start otfm-sp__wrapper otfm-sp__box js-otfm-sp-box__closed otfm-sp__f5f5f5\" role=\"button\" tabindex=\"0\" aria-expanded=\"false\" data-otfm-spc=\"#f5f5f5\" style=\"text-align:left\"><div class=\"otfm-sp__title\"><strong>Kindertraining<\/strong><\/div><\/div>\n\n\n\n<p>von 8 &#8211; 14 Jahre<\/p>\n\n\n\n<div class=\"wp-block-otfm-box-spoiler-end otfm-sp_end\"><\/div>\n\n\n\n<div class=\"wp-block-otfm-box-spoiler-start otfm-sp__wrapper otfm-sp__box js-otfm-sp-box__closed otfm-sp__f5f5f5\" role=\"button\" tabindex=\"0\" aria-expanded=\"false\" data-otfm-spc=\"#f5f5f5\" style=\"text-align:left\"><div class=\"otfm-sp__title\"><strong>Allgemeines Training<\/strong><\/div><\/div>\n\n\n\n<p>von 14 &#8211; 99 Jahre<\/p>\n\n\n\n<div class=\"wp-block-otfm-box-spoiler-end otfm-sp_end\"><\/div>\n\n\n\n<div class=\"wp-block-otfm-box-spoiler-start otfm-sp__wrapper otfm-sp__box js-otfm-sp-box__closed otfm-sp__f5f5f5\" role=\"button\" tabindex=\"0\" aria-expanded=\"false\" data-otfm-spc=\"#f5f5f5\" style=\"text-align:left\"><div class=\"otfm-sp__title\"><strong>Wettkampftraining<\/strong><\/div><\/div>\n\n\n\n<p>von 14 &#8211; 99 Jahre<\/p>\n\n\n\n<div class=\"wp-block-otfm-box-spoiler-end otfm-sp_end\"><\/div>\n","protected":false},"excerpt":{"rendered":"<p>W\u00e4hrend den Schulferien findet kein Training statt. Die aktuellen Trainingszeiten und Sportst\u00e4tten stehen hier. Schnupperkurs Wir bieten Training zur Probe an.F\u00fcr Kinder von 5 &#8211; 12 Jahren: Mittwoch ab 18:00 Uhr.F\u00fcr Jugendliche\/Erwachsene ab 13 Jahren: Montag, Mittwoch, Donnerstag jeweils ab 20:00 Uhr.Einfach vorbeikommen und gleich mittrainieren (das Wettkampftraining ist nur f\u00fcr Fortgeschrittene geeignet).Einfaches Sportzeug ist &hellip; <\/p>\n<p class=\"link-more\"><a href=\"http:\/\/vfltkd.bplaced.net\/wordpress_vfltkd\/trainingsangebote\/\" class=\"more-link\"><span class=\"screen-reader-text\">\u201eTrainingsangebote\u201c<\/span> weiterlesen<\/a><\/p>\n","protected":false},"author":1,"featured_media":0,"parent":0,"menu_order":0,"comment_status":"closed","ping_status":"closed","template":"","meta":{"footnotes":""},"class_list":["post-126","page","type-page","status-publish","hentry"],"_links":{"self":[{"href":"http:\/\/vfltkd.bplaced.net\/wordpress_vfltkd\/wp-json\/wp\/v2\/pages\/126","targetHints":{"allow":["GET"]}}],"collection":[{"href":"http:\/\/vfltkd.bplaced.net\/wordpress_vfltkd\/wp-json\/wp\/v2\/pages"}],"about":[{"href":"http:\/\/vfltkd.bplaced.net\/wordpress_vfltkd\/wp-json\/wp\/v2\/types\/page"}],"author":[{"embeddable":true,"href":"http:\/\/vfltkd.bplaced.net\/wordpress_vfltkd\/wp-json\/wp\/v2\/users\/1"}],"replies":[{"embeddable":true,"href":"http:\/\/vfltkd.bplaced.net\/wordpress_vfltkd\/wp-json\/wp\/v2\/comments?post=126"}],"version-history":[{"count":30,"href":"http:\/\/vfltkd.bplaced.net\/wordpress_vfltkd\/wp-json\/wp\/v2\/pages\/126\/revisions"}],"predecessor-version":[{"id":378,"href":"http:\/\/vfltkd.bplaced.net\/wordpress_vfltkd\/wp-json\/wp\/v2\/pages\/126\/revisions\/378"}],"wp:attachment":[{"href":"http:\/\/vfltkd.bplaced.net\/wordpress_vfltkd\/wp-json\/wp\/v2\/media?parent=126"}],"curies":[{"name":"wp","href":"https:\/\/api.w.org\/{rel}","templated":true}]}}